{"id":23,"date":"2024-03-24T17:51:11","date_gmt":"2024-03-24T16:51:11","guid":{"rendered":"https:\/\/www.tripleplaysthlm.se\/?page_id=23"},"modified":"2024-04-28T15:02:15","modified_gmt":"2024-04-28T13:02:15","slug":"om-oss","status":"publish","type":"page","link":"https:\/\/www.tripleplaysthlm.se\/index.php\/om-oss\/","title":{"rendered":"Om oss"},"content":{"rendered":"\n<div class=\"wp-block-group alignfull has-global-padding is-layout-constrained wp-container-core-group-is-layout-490fa1db wp-block-group-is-layout-constrained\" style=\"padding-top:var(--wp--preset--spacing--50);padding-right:var(--wp--preset--spacing--50);padding-bottom:var(--wp--preset--spacing--50);padding-left:var(--wp--preset--spacing--50)\">\n<div class=\"wp-block-group has-global-padding is-layout-constrained wp-container-core-group-is-layout-650790e1 wp-block-group-is-layout-constrained\">\n<p><strong>Per-Ola Niblaeus<\/strong><\/p>\n\n\n\n<p class=\"has-text-align-center\">&#8221;Jag har spelat fl\u00f6jt i massor med \u00e5r och blev tidigt inspirerad av Bj\u00f6rn J:son Lindh och Hubert Laws. B\u00f6rjade lite senare med sax, f\u00f6rst baryton, sedan alt och har spelat i storband under m\u00e5nga \u00e5r. Nu blir det mer fl\u00f6jt igen, som passar fint i en liten ensemble.&#8221;<\/p>\n\n\n\n<figure class=\"wp-block-image size-large\"><img loading=\"lazy\" decoding=\"async\" width=\"884\" height=\"1024\" src=\"https:\/\/www.tripleplaysthlm.se\/wp-content\/uploads\/2024\/03\/TP-PON-1-884x1024.jpg\" alt=\"\" class=\"wp-image-25\" srcset=\"https:\/\/www.tripleplaysthlm.se\/wp-content\/uploads\/2024\/03\/TP-PON-1-884x1024.jpg 884w, https:\/\/www.tripleplaysthlm.se\/wp-content\/uploads\/2024\/03\/TP-PON-1-259x300.jpg 259w, https:\/\/www.tripleplaysthlm.se\/wp-content\/uploads\/2024\/03\/TP-PON-1-768x889.jpg 768w, https:\/\/www.tripleplaysthlm.se\/wp-content\/uploads\/2024\/03\/TP-PON-1.jpg 1299w\" sizes=\"auto, (max-width: 884px) 100vw, 884px\" \/><\/figure>\n\n\n\n<div style=\"height:1.25rem\" aria-hidden=\"true\" class=\"wp-block-spacer\"><\/div>\n\n\n\n<div class=\"wp-block-buttons is-content-justification-center is-layout-flex wp-container-core-buttons-is-layout-a89b3969 wp-block-buttons-is-layout-flex\"><\/div>\n<\/div>\n\n\n\n<div class=\"wp-block-group has-global-padding is-layout-constrained wp-container-core-group-is-layout-650790e1 wp-block-group-is-layout-constrained\">\n<p><\/p>\n\n\n\n<div style=\"height:1.25rem\" aria-hidden=\"true\" class=\"wp-block-spacer\"><\/div>\n\n\n\n<p><strong>Mats S\u00f6nnfors<\/strong><\/p>\n\n\n\n<p class=\"has-text-align-center\">&#8221;Min historia med kontrabasen b\u00f6rjade i Adolf Fredriks musikgymnasium och jag fick blodad tand i symfoniorkestern d\u00e4r. Efter studenten vissa ambitioner \u00e5t det klassiska h\u00e5llet men livet tog en annan v\u00e4ndning och spelet f\u00f6ll i tr\u00e4da under m\u00e5nga \u00e5r.<br>F\u00f6r n\u00e5gra \u00e5r sedan gav ett nytt instrument en nyt\u00e4ndning b\u00e5de \u00e5t det klassiska och jazz-h\u00e5llet.&#8221;<\/p>\n\n\n\n<figure class=\"wp-block-image size-full\"><img loading=\"lazy\" decoding=\"async\" width=\"719\" height=\"922\" src=\"https:\/\/www.tripleplaysthlm.se\/wp-content\/uploads\/2024\/03\/TP-Mats.jpg\" alt=\"\" class=\"wp-image-26\" srcset=\"https:\/\/www.tripleplaysthlm.se\/wp-content\/uploads\/2024\/03\/TP-Mats.jpg 719w, https:\/\/www.tripleplaysthlm.se\/wp-content\/uploads\/2024\/03\/TP-Mats-234x300.jpg 234w\" sizes=\"auto, (max-width: 719px) 100vw, 719px\" \/><\/figure>\n\n\n\n<div class=\"wp-block-group has-global-padding is-layout-constrained wp-container-core-group-is-layout-650790e1 wp-block-group-is-layout-constrained\">\n<p><\/p>\n\n\n\n<p><\/p>\n\n\n\n<p><strong>Calle Niblaeus<\/strong><\/p>\n\n\n\n<p class=\"has-text-align-center\">&#8221;Jag hittade gitarren i ton\u00e5ren och fastnade direkt. Redan fr\u00e5n b\u00f6rjan var det musik av alla sorter som lockade, och jag kastade mig huvudstupa in i allt fr\u00e5n klassisk gitarr till funk, h\u00e5rdrock, blues och jazz. Under \u00e5ren har jag beh\u00e5llit min breda ambition, men har kanske fastnat lite extra f\u00f6r bluesen.&#8221;<\/p>\n\n\n\n<figure class=\"wp-block-image size-full\"><img loading=\"lazy\" decoding=\"async\" width=\"1636\" height=\"1516\" src=\"https:\/\/www.tripleplaysthlm.se\/wp-content\/uploads\/2024\/03\/TP-Calle.jpg\" alt=\"\" class=\"wp-image-27\" srcset=\"https:\/\/www.tripleplaysthlm.se\/wp-content\/uploads\/2024\/03\/TP-Calle.jpg 1636w, https:\/\/www.tripleplaysthlm.se\/wp-content\/uploads\/2024\/03\/TP-Calle-300x278.jpg 300w, https:\/\/www.tripleplaysthlm.se\/wp-content\/uploads\/2024\/03\/TP-Calle-1024x949.jpg 1024w, https:\/\/www.tripleplaysthlm.se\/wp-content\/uploads\/2024\/03\/TP-Calle-768x712.jpg 768w, https:\/\/www.tripleplaysthlm.se\/wp-content\/uploads\/2024\/03\/TP-Calle-1536x1423.jpg 1536w\" sizes=\"auto, (max-width: 1636px) 100vw, 1636px\" \/><\/figure>\n\n\n\n<div style=\"height:1.25rem\" aria-hidden=\"true\" class=\"wp-block-spacer\"><\/div>\n\n\n\n<div class=\"wp-block-buttons is-content-justification-center is-layout-flex wp-container-core-buttons-is-layout-a89b3969 wp-block-buttons-is-layout-flex\"><\/div>\n\n\n\n<div class=\"wp-block-buttons is-content-justification-center is-layout-flex wp-container-core-buttons-is-layout-a89b3969 wp-block-buttons-is-layout-flex\">\n<div class=\"wp-block-button\"><a class=\"wp-block-button__link wp-element-button\" href=\"https:\/\/www.tripleplaysthlm.se\">Till Startsidan<\/a><\/div>\n<\/div>\n<\/div>\n<\/div>\n<\/div>\n\n\n\n<div class=\"wp-block-group alignfull has-base-color has-contrast-background-color has-text-color has-background has-global-padding is-layout-constrained wp-container-core-group-is-layout-ef3d885c wp-block-group-is-layout-constrained\" style=\"margin-top:0;margin-bottom:0;padding-top:var(--wp--preset--spacing--60);padding-right:var(--wp--preset--spacing--60);padding-bottom:var(--wp--preset--spacing--60);padding-left:var(--wp--preset--spacing--60)\">\n<div class=\"wp-block-group has-global-padding is-layout-constrained wp-block-group-is-layout-constrained\">\n<p class=\"has-text-align-center has-base-color has-text-color has-heading-font-family has-x-large-font-size\" style=\"line-height:1.2\"><em>\u201dSuperfint. Fantastiskt duktiga musiker och h\u00e4rliga l\u00e5tar\u201d<\/em><\/p>\n\n\n\n<div style=\"height:var(--wp--preset--spacing--10)\" aria-hidden=\"true\" class=\"wp-block-spacer\"><\/div>\n\n\n\n<div class=\"wp-block-group is-vertical is-content-justification-center is-nowrap is-layout-flex wp-container-core-group-is-layout-2dc08cea wp-block-group-is-layout-flex\">\n\n\n<p class=\"has-text-align-center\" style=\"margin-top:var(--wp--preset--spacing--10);margin-bottom:0\">Publikomd\u00f6me efter spelning p\u00e5 Musikvalvet Baggen augusti 2023<\/p>\n\n\n\n<p class=\"has-text-align-center has-contrast-3-color has-text-color has-small-font-size\" style=\"font-style:normal;font-weight:300\"><\/p>\n<\/div>\n<\/div>\n<\/div>\n","protected":false},"excerpt":{"rendered":"<p>Per-Ola Niblaeus &#8221;Jag har spelat fl\u00f6jt i massor med \u00e5r och blev tidigt inspirerad av Bj\u00f6rn J:son Lindh och Hubert Laws. B\u00f6rjade lite senare med sax, f\u00f6rst baryton, sedan alt och har spelat i storband under m\u00e5nga \u00e5r. Nu blir det mer fl\u00f6jt igen, som passar fint i en liten ensemble.&#8221; Mats S\u00f6nnfors &#8221;Min historia [&hellip;]<\/p>\n","protected":false},"author":1,"featured_media":0,"parent":0,"menu_order":0,"comment_status":"closed","ping_status":"closed","template":"","meta":{"footnotes":""},"class_list":["post-23","page","type-page","status-publish","hentry"],"_links":{"self":[{"href":"https:\/\/www.tripleplaysthlm.se\/index.php\/wp-json\/wp\/v2\/pages\/23","targetHints":{"allow":["GET"]}}],"collection":[{"href":"https:\/\/www.tripleplaysthlm.se\/index.php\/wp-json\/wp\/v2\/pages"}],"about":[{"href":"https:\/\/www.tripleplaysthlm.se\/index.php\/wp-json\/wp\/v2\/types\/page"}],"author":[{"embeddable":true,"href":"https:\/\/www.tripleplaysthlm.se\/index.php\/wp-json\/wp\/v2\/users\/1"}],"replies":[{"embeddable":true,"href":"https:\/\/www.tripleplaysthlm.se\/index.php\/wp-json\/wp\/v2\/comments?post=23"}],"version-history":[{"count":12,"href":"https:\/\/www.tripleplaysthlm.se\/index.php\/wp-json\/wp\/v2\/pages\/23\/revisions"}],"predecessor-version":[{"id":69,"href":"https:\/\/www.tripleplaysthlm.se\/index.php\/wp-json\/wp\/v2\/pages\/23\/revisions\/69"}],"wp:attachment":[{"href":"https:\/\/www.tripleplaysthlm.se\/index.php\/wp-json\/wp\/v2\/media?parent=23"}],"curies":[{"name":"wp","href":"https:\/\/api.w.org\/{rel}","templated":true}]}}