{"id":34,"date":"2024-03-24T18:27:16","date_gmt":"2024-03-24T17:27:16","guid":{"rendered":"https:\/\/www.tripleplaysthlm.se\/?page_id=34"},"modified":"2024-04-28T12:57:45","modified_gmt":"2024-04-28T10:57:45","slug":"jazz-med-bred-pensel","status":"publish","type":"page","link":"https:\/\/www.tripleplaysthlm.se\/","title":{"rendered":"Jazz med bred pensel"},"content":{"rendered":"\n<div class=\"wp-block-group alignfull has-global-padding is-layout-constrained wp-container-core-group-is-layout-490fa1db wp-block-group-is-layout-constrained\" style=\"padding-top:var(--wp--preset--spacing--50);padding-right:var(--wp--preset--spacing--50);padding-bottom:var(--wp--preset--spacing--50);padding-left:var(--wp--preset--spacing--50)\">\n<div class=\"wp-block-group has-global-padding is-layout-constrained wp-container-core-group-is-layout-650790e1 wp-block-group-is-layout-constrained\">\n<h1 class=\"wp-block-heading has-text-align-center has-x-large-font-size\">Triple Play<\/h1>\n\n\n\n<div style=\"height:1.25rem\" aria-hidden=\"true\" class=\"wp-block-spacer\"><\/div>\n\n\n\n<p>Triple Play \u00e4r en trio som bjuder p\u00e5 en bred musikalisk upplevelse fr\u00e5n tango till bossa nova, jazz och folkmusik. Egna tolkningar av andras l\u00e5tar blandas med egna kompositioner. Vi spelar musik av bland annat AC Jobim, Miles Davis, Chick Corea, Magnus Lindgren och Lars Jansson, f\u00f6rutom egna l\u00e5tar. Gruppen best\u00e5r av Per-Ola Niblaeus (fl\u00f6jt, sax), Mats S\u00f6nnfors (kontrabas) och Calle Niblaeus (gitarr).<\/p>\n\n\n\n<p>Vi finns p\u00e5 Facebook:  <\/p>\n\n\n\n<p><a href=\"https:\/\/www.facebook.com\/profile.php?id=100084494079855\">Triple Play Stockholm<\/a><\/p>\n\n\n\n<p><\/p>\n\n\n\n<p>Och Youtube: <a href=\"https:\/\/www.youtube.com\/@tripleplaystockholm900\/featured\">https:\/\/www.youtube.com\/@tripleplaystockholm900\/featured<\/a><\/p>\n\n\n\n<p class=\"has-text-align-center\"><\/p>\n\n\n\n<div style=\"height:1.25rem\" aria-hidden=\"true\" class=\"wp-block-spacer\"><\/div>\n\n\n\n<div class=\"wp-block-buttons is-content-justification-center is-layout-flex wp-container-core-buttons-is-layout-a89b3969 wp-block-buttons-is-layout-flex\">\n<div class=\"wp-block-button\"><a class=\"wp-block-button__link wp-element-button\" href=\"https:\/\/www.tripleplaysthlm.se\/index.php\/om-oss\">Om oss<\/a><\/div>\n<\/div>\n<\/div>\n\n\n\n<div style=\"height:var(--wp--preset--spacing--30)\" aria-hidden=\"true\" class=\"wp-block-spacer\"><\/div>\n\n\n\n<figure class=\"wp-block-image alignwide size-full is-style-rounded is-style-rounded--1\"><img loading=\"lazy\" decoding=\"async\" width=\"2560\" height=\"1707\" src=\"https:\/\/www.tripleplaysthlm.se\/wp-content\/uploads\/2024\/03\/DSC03547-edited-scaled.jpg\" alt=\"Triple Play p\u00e5 Musikvalvet Baggen i Stockholm\" class=\"wp-image-14\" srcset=\"https:\/\/www.tripleplaysthlm.se\/wp-content\/uploads\/2024\/03\/DSC03547-edited-scaled.jpg 2560w, https:\/\/www.tripleplaysthlm.se\/wp-content\/uploads\/2024\/03\/DSC03547-edited-300x200.jpg 300w, https:\/\/www.tripleplaysthlm.se\/wp-content\/uploads\/2024\/03\/DSC03547-edited-1024x683.jpg 1024w, https:\/\/www.tripleplaysthlm.se\/wp-content\/uploads\/2024\/03\/DSC03547-edited-768x512.jpg 768w, https:\/\/www.tripleplaysthlm.se\/wp-content\/uploads\/2024\/03\/DSC03547-edited-1536x1024.jpg 1536w, https:\/\/www.tripleplaysthlm.se\/wp-content\/uploads\/2024\/03\/DSC03547-edited-2048x1365.jpg 2048w\" sizes=\"auto, (max-width: 2560px) 100vw, 2560px\" \/><\/figure>\n<\/div>\n\n\n\n<div class=\"wp-block-group alignfull has-global-padding is-layout-constrained wp-container-core-group-is-layout-d89aad35 wp-block-group-is-layout-constrained\" style=\"margin-top:0;margin-bottom:0;padding-top:var(--wp--preset--spacing--50);padding-right:var(--wp--preset--spacing--50);padding-bottom:var(--wp--preset--spacing--50);padding-left:var(--wp--preset--spacing--50)\">\n<div class=\"wp-block-group alignwide has-global-padding is-layout-constrained wp-container-core-group-is-layout-19e250f3 wp-block-group-is-layout-constrained\">\n<div class=\"wp-block-group is-vertical is-content-justification-center is-layout-flex wp-container-core-group-is-layout-6329a8f3 wp-block-group-is-layout-flex\">\n<h2 class=\"wp-block-heading has-text-align-center is-style-asterisk\">Exempel p\u00e5 spelningar<\/h2>\n\n\n\n<p class=\"has-text-align-center\">Vi spelar g\u00e4rna p\u00e5 klubbar, kulturf\u00f6reningar och fester.<\/p>\n<\/div>\n\n\n\n<div style=\"height:var(--wp--preset--spacing--40)\" aria-hidden=\"true\" class=\"wp-block-spacer\"><\/div>\n\n\n\n<div class=\"wp-block-columns alignwide is-layout-flex wp-container-core-columns-is-layout-d1c656ed wp-block-columns-is-layout-flex\">\n<div class=\"wp-block-column is-vertically-aligned-center is-layout-flow wp-block-column-is-layout-flow\" style=\"flex-basis:40%\">\n<h3 class=\"wp-block-heading is-style-asterisk\">Nibble Magasin, <br>september 2022<\/h3>\n\n\n\n<ul style=\"line-height:1.75\" class=\"is-style-checkmark-list wp-block-list\">\n<li>Konsert inom ramen f\u00f6r Gnesta Konstrunda f\u00f6rsta helgen i september<\/li>\n<\/ul>\n<\/div>\n\n\n\n<div class=\"wp-block-column is-layout-flow wp-block-column-is-layout-flow\" style=\"flex-basis:50%\">\n<figure class=\"wp-block-image size-large is-style-rounded is-style-rounded--2\"><img loading=\"lazy\" decoding=\"async\" width=\"1024\" height=\"768\" src=\"https:\/\/www.tripleplaysthlm.se\/wp-content\/uploads\/2024\/03\/20220904_140424-1-1024x768.jpg\" alt=\"\" class=\"wp-image-38\" srcset=\"https:\/\/www.tripleplaysthlm.se\/wp-content\/uploads\/2024\/03\/20220904_140424-1-1024x768.jpg 1024w, https:\/\/www.tripleplaysthlm.se\/wp-content\/uploads\/2024\/03\/20220904_140424-1-300x225.jpg 300w, https:\/\/www.tripleplaysthlm.se\/wp-content\/uploads\/2024\/03\/20220904_140424-1-768x576.jpg 768w, https:\/\/www.tripleplaysthlm.se\/wp-content\/uploads\/2024\/03\/20220904_140424-1-1536x1152.jpg 1536w, https:\/\/www.tripleplaysthlm.se\/wp-content\/uploads\/2024\/03\/20220904_140424-1-2048x1536.jpg 2048w\" sizes=\"auto, (max-width: 1024px) 100vw, 1024px\" \/><\/figure>\n<\/div>\n<\/div>\n\n\n\n<div style=\"height:var(--wp--preset--spacing--40)\" aria-hidden=\"true\" class=\"wp-block-spacer\"><\/div>\n\n\n\n<div class=\"wp-block-columns alignwide is-layout-flex wp-container-core-columns-is-layout-d1c656ed wp-block-columns-is-layout-flex\">\n<div class=\"wp-block-column is-layout-flow wp-block-column-is-layout-flow\" style=\"flex-basis:50%\">\n<figure class=\"wp-block-image size-large is-style-rounded is-style-rounded--3\"><img loading=\"lazy\" decoding=\"async\" width=\"1024\" height=\"576\" src=\"https:\/\/www.tripleplaysthlm.se\/wp-content\/uploads\/2024\/03\/Lucky-Southern-2022-07-01_Moment-1024x576.jpg\" alt=\"\" class=\"wp-image-39\" srcset=\"https:\/\/www.tripleplaysthlm.se\/wp-content\/uploads\/2024\/03\/Lucky-Southern-2022-07-01_Moment-1024x576.jpg 1024w, https:\/\/www.tripleplaysthlm.se\/wp-content\/uploads\/2024\/03\/Lucky-Southern-2022-07-01_Moment-300x169.jpg 300w, https:\/\/www.tripleplaysthlm.se\/wp-content\/uploads\/2024\/03\/Lucky-Southern-2022-07-01_Moment-768x432.jpg 768w, https:\/\/www.tripleplaysthlm.se\/wp-content\/uploads\/2024\/03\/Lucky-Southern-2022-07-01_Moment-1536x864.jpg 1536w, https:\/\/www.tripleplaysthlm.se\/wp-content\/uploads\/2024\/03\/Lucky-Southern-2022-07-01_Moment.jpg 1920w\" sizes=\"auto, (max-width: 1024px) 100vw, 1024px\" \/><\/figure>\n<\/div>\n\n\n\n<div class=\"wp-block-column is-vertically-aligned-center is-layout-flow wp-block-column-is-layout-flow\" style=\"flex-basis:40%\">\n<h3 class=\"wp-block-heading is-style-asterisk\">Riala Hembygdsg\u00e5rd juli 2022<\/h3>\n\n\n\n<ul style=\"line-height:1.75\" class=\"is-style-checkmark-list wp-block-list\">\n<li>Musik i sommarkv\u00e4ll, arrangerat av Riala Hembygdsf\u00f6rening<\/li>\n<\/ul>\n<\/div>\n<\/div>\n<\/div>\n\n\n\n<div class=\"wp-block-columns alignwide is-layout-flex wp-container-core-columns-is-layout-d1c656ed wp-block-columns-is-layout-flex\">\n<div class=\"wp-block-column is-vertically-aligned-center is-layout-flow wp-block-column-is-layout-flow\" style=\"flex-basis:40%\">\n<h3 class=\"wp-block-heading is-style-asterisk\">Musikvalvet Baggen, Stockholm, augusti 2023<\/h3>\n\n\n\n<ul style=\"line-height:1.75\" class=\"is-style-checkmark-list wp-block-list\">\n<li>Konsert i vackra Musikvalvet Baggen i Gamla Stan<\/li>\n<\/ul>\n<\/div>\n\n\n\n<div class=\"wp-block-column is-layout-flow wp-block-column-is-layout-flow\" style=\"flex-basis:50%\">\n<figure class=\"wp-block-image size-large is-style-rounded is-style-rounded--4\"><img loading=\"lazy\" decoding=\"async\" width=\"1024\" height=\"683\" src=\"https:\/\/www.tripleplaysthlm.se\/wp-content\/uploads\/2024\/03\/DSC03547-edited-1024x683.jpg\" alt=\"Triple Play p\u00e5 Musikvalvet Baggen i Stockholm\" class=\"wp-image-14\" srcset=\"https:\/\/www.tripleplaysthlm.se\/wp-content\/uploads\/2024\/03\/DSC03547-edited-1024x683.jpg 1024w, https:\/\/www.tripleplaysthlm.se\/wp-content\/uploads\/2024\/03\/DSC03547-edited-300x200.jpg 300w, https:\/\/www.tripleplaysthlm.se\/wp-content\/uploads\/2024\/03\/DSC03547-edited-768x512.jpg 768w, https:\/\/www.tripleplaysthlm.se\/wp-content\/uploads\/2024\/03\/DSC03547-edited-1536x1024.jpg 1536w, https:\/\/www.tripleplaysthlm.se\/wp-content\/uploads\/2024\/03\/DSC03547-edited-2048x1365.jpg 2048w\" sizes=\"auto, (max-width: 1024px) 100vw, 1024px\" \/><\/figure>\n<\/div>\n<\/div>\n\n\n\n<div style=\"height:var(--wp--preset--spacing--40)\" aria-hidden=\"true\" class=\"wp-block-spacer\"><\/div>\n\n\n\n<div class=\"wp-block-columns alignwide is-layout-flex wp-container-core-columns-is-layout-d1c656ed wp-block-columns-is-layout-flex\">\n<div class=\"wp-block-column is-layout-flow wp-block-column-is-layout-flow\" style=\"flex-basis:50%\"><\/div>\n<\/div>\n<\/div>\n\n\n\n<div class=\"wp-block-group alignfull has-base-color has-contrast-background-color has-text-color has-background has-global-padding is-layout-constrained wp-container-core-group-is-layout-ef3d885c wp-block-group-is-layout-constrained\" style=\"margin-top:0;margin-bottom:0;padding-top:var(--wp--preset--spacing--60);padding-right:var(--wp--preset--spacing--60);padding-bottom:var(--wp--preset--spacing--60);padding-left:var(--wp--preset--spacing--60)\">\n<div class=\"wp-block-group has-global-padding is-layout-constrained wp-block-group-is-layout-constrained\">\n<p class=\"has-text-align-center has-base-color has-text-color has-heading-font-family has-x-large-font-size\" style=\"line-height:1.2\"><em>\u201dMagnificent. You made me very happy.\u201d<\/em><\/p>\n\n\n\n<div style=\"height:var(--wp--preset--spacing--10)\" aria-hidden=\"true\" class=\"wp-block-spacer\"><\/div>\n\n\n\n<div class=\"wp-block-group is-vertical is-content-justification-center is-nowrap is-layout-flex wp-container-core-group-is-layout-2dc08cea wp-block-group-is-layout-flex\">\n\n\n<p class=\"has-text-align-center\" style=\"margin-top:var(--wp--preset--spacing--10);margin-bottom:0\">I g\u00e4stboken efter konserten p\u00e5 Musikvalvet Baggen<\/p>\n<\/div>\n<\/div>\n<\/div>\n\n\n\n<div class=\"wp-block-group alignfull has-global-padding is-layout-constrained wp-container-core-group-is-layout-d89aad35 wp-block-group-is-layout-constrained\" style=\"margin-top:0;margin-bottom:0;padding-top:var(--wp--preset--spacing--50);padding-right:var(--wp--preset--spacing--50);padding-bottom:var(--wp--preset--spacing--50);padding-left:var(--wp--preset--spacing--50)\">\n<div class=\"wp-block-group alignwide has-base-2-background-color has-background has-global-padding is-layout-constrained wp-container-core-group-is-layout-39412042 wp-block-group-is-layout-constrained\" style=\"border-radius:16px;padding-top:var(--wp--preset--spacing--40);padding-right:var(--wp--preset--spacing--50);padding-bottom:var(--wp--preset--spacing--40);padding-left:var(--wp--preset--spacing--50)\">\n<div style=\"height:var(--wp--preset--spacing--10)\" aria-hidden=\"true\" class=\"wp-block-spacer\"><\/div>\n\n\n\n<h2 class=\"wp-block-heading has-text-align-center has-x-large-font-size\">Intresserad att veta mer<\/h2>\n\n\n\n<p class=\"has-text-align-center\">Skicka mail till poniblaeus@gmail.com<\/p>\n\n\n\n<div style=\"height:var(--wp--preset--spacing--10)\" aria-hidden=\"true\" class=\"wp-block-spacer\"><\/div>\n<\/div>\n<\/div>\n","protected":false},"excerpt":{"rendered":"<p>Triple Play Triple Play \u00e4r en trio som bjuder p\u00e5 en bred musikalisk upplevelse fr\u00e5n tango till bossa nova, jazz och folkmusik. Egna tolkningar av andras l\u00e5tar blandas med egna kompositioner. Vi spelar musik av bland annat AC Jobim, Miles Davis, Chick Corea, Magnus Lindgren och Lars Jansson, f\u00f6rutom egna l\u00e5tar. Gruppen best\u00e5r av Per-Ola [&hellip;]<\/p>\n","protected":false},"author":1,"featured_media":0,"parent":0,"menu_order":0,"comment_status":"closed","ping_status":"closed","template":"","meta":{"footnotes":""},"class_list":["post-34","page","type-page","status-publish","hentry"],"_links":{"self":[{"href":"https:\/\/www.tripleplaysthlm.se\/index.php\/wp-json\/wp\/v2\/pages\/34","targetHints":{"allow":["GET"]}}],"collection":[{"href":"https:\/\/www.tripleplaysthlm.se\/index.php\/wp-json\/wp\/v2\/pages"}],"about":[{"href":"https:\/\/www.tripleplaysthlm.se\/index.php\/wp-json\/wp\/v2\/types\/page"}],"author":[{"embeddable":true,"href":"https:\/\/www.tripleplaysthlm.se\/index.php\/wp-json\/wp\/v2\/users\/1"}],"replies":[{"embeddable":true,"href":"https:\/\/www.tripleplaysthlm.se\/index.php\/wp-json\/wp\/v2\/comments?post=34"}],"version-history":[{"count":12,"href":"https:\/\/www.tripleplaysthlm.se\/index.php\/wp-json\/wp\/v2\/pages\/34\/revisions"}],"predecessor-version":[{"id":67,"href":"https:\/\/www.tripleplaysthlm.se\/index.php\/wp-json\/wp\/v2\/pages\/34\/revisions\/67"}],"wp:attachment":[{"href":"https:\/\/www.tripleplaysthlm.se\/index.php\/wp-json\/wp\/v2\/media?parent=34"}],"curies":[{"name":"wp","href":"https:\/\/api.w.org\/{rel}","templated":true}]}}